{"id":1107,"date":"2020-11-10T18:45:21","date_gmt":"2020-11-10T18:45:21","guid":{"rendered":"https:\/\/solnor.es\/?page_id=1107"},"modified":"2022-09-15T10:47:31","modified_gmt":"2022-09-15T10:47:31","slug":"sprays","status":"publish","type":"page","link":"https:\/\/solnor.es\/?page_id=1107","title":{"rendered":"SPRAYS"},"content":{"rendered":"<h2>SPRAYS Y L\u00cdQUIDOS<\/h2>\n<p>&nbsp;&nbsp;&nbsp;&nbsp; Desde los sprays para la detecci\u00f3n de poros y grietas en los cordones de soldadura, hasta los de antiproyecci\u00f3n, con o sin silicona, de base acuosa, de protecci\u00f3n cer\u00e1mica&#8230;&#8230;<\/p>\n<p>&nbsp;&nbsp;&nbsp;&nbsp; Tambi\u00e9n sprays y l\u00edquidos desengrasantes, para conductores el\u00e9ctricos, de galvanizado en fr\u00edo &#8230;&#8230; estamos a su disposici\u00f3n para asesorarle.<\/p>\n<p>&nbsp;&nbsp;&nbsp;&nbsp; <a href=\"https:\/\/solnor.es\/wp-content\/uploads\/2022\/09\/Catalogo-Whale-Spray.pdf\">CAT\u00c1LOGO WHALE SPRAY<\/a><\/p>\n","protected":false},"excerpt":{"rendered":"<p>SPRAYS Y L\u00cdQUIDOS &nbsp;&nbsp;&nbsp;&nbsp; Desde los sprays para la detecci\u00f3n de poros y grietas en los cordones de soldadura, hasta los de antiproyecci\u00f3n, con o sin silicona, de base acuosa, de protecci\u00f3n cer\u00e1mica&#8230;&#8230; &nbsp;&nbsp;&nbsp;&nbsp; Tambi\u00e9n sprays y l\u00edquidos desengrasantes, para conductores el\u00e9ctricos, de galvanizado en fr\u00edo &#8230;&#8230; estamos a su disposici\u00f3n para asesorarle. &nbsp;&nbsp;&nbsp;&nbsp; CAT\u00c1LOGO [&hellip;]<\/p>\n","protected":false},"author":1,"featured_media":0,"parent":0,"menu_order":0,"comment_status":"closed","ping_status":"closed","template":"","meta":{"footnotes":""},"class_list":["post-1107","page","type-page","status-publish","hentry"],"jetpack_sharing_enabled":true,"_links":{"self":[{"href":"https:\/\/solnor.es\/index.php?rest_route=\/wp\/v2\/pages\/1107","targetHints":{"allow":["GET"]}}],"collection":[{"href":"https:\/\/solnor.es\/index.php?rest_route=\/wp\/v2\/pages"}],"about":[{"href":"https:\/\/solnor.es\/index.php?rest_route=\/wp\/v2\/types\/page"}],"author":[{"embeddable":true,"href":"https:\/\/solnor.es\/index.php?rest_route=\/wp\/v2\/users\/1"}],"replies":[{"embeddable":true,"href":"https:\/\/solnor.es\/index.php?rest_route=%2Fwp%2Fv2%2Fcomments&post=1107"}],"version-history":[{"count":8,"href":"https:\/\/solnor.es\/index.php?rest_route=\/wp\/v2\/pages\/1107\/revisions"}],"predecessor-version":[{"id":2035,"href":"https:\/\/solnor.es\/index.php?rest_route=\/wp\/v2\/pages\/1107\/revisions\/2035"}],"wp:attachment":[{"href":"https:\/\/solnor.es\/index.php?rest_route=%2Fwp%2Fv2%2Fmedia&parent=1107"}],"curies":[{"name":"wp","href":"https:\/\/api.w.org\/{rel}","templated":true}]}}