{"id":121,"date":"2020-10-26T07:52:51","date_gmt":"2020-10-26T07:52:51","guid":{"rendered":"https:\/\/solnor.es\/?page_id=121"},"modified":"2021-02-05T11:05:02","modified_gmt":"2021-02-05T11:05:02","slug":"cortinas-soldadura","status":"publish","type":"page","link":"https:\/\/solnor.es\/?page_id=121","title":{"rendered":"MANTAS Y CORTINAS PARA SOLDADURA"},"content":{"rendered":"\t\t<div data-elementor-type=\"wp-page\" data-elementor-id=\"121\" class=\"elementor elementor-121\">\n\t\t\t\t\t\t<section class=\"elementor-section elementor-top-section elementor-element elementor-element-e603f39 elementor-section-boxed elementor-section-height-default elementor-section-height-default\" data-id=\"e603f39\" data-element_type=\"section\">\n\t\t\t\t\t\t<div class=\"elementor-container elementor-column-gap-default\">\n\t\t\t\t\t<div class=\"elementor-column elementor-col-100 elementor-top-column elementor-element elementor-element-c4215a1\" data-id=\"c4215a1\" data-element_type=\"column\">\n\t\t\t<div class=\"elementor-widget-wrap elementor-element-populated\">\n\t\t\t\t\t\t<div class=\"elementor-element elementor-element-1203c88 elementor-widget elementor-widget-heading\" data-id=\"1203c88\" data-element_type=\"widget\" data-widget_type=\"heading.default\">\n\t\t\t\t<div class=\"elementor-widget-container\">\n\t\t\t\t\t<h2 class=\"elementor-heading-title elementor-size-default\">MANTAS Y CORTINAS PARA LA SOLDADURA<\/h2>\t\t\t\t<\/div>\n\t\t\t\t<\/div>\n\t\t\t\t\t<\/div>\n\t\t<\/div>\n\t\t\t\t\t<\/div>\n\t\t<\/section>\n\t\t\t\t<section class=\"elementor-section elementor-top-section elementor-element elementor-element-2ae9d60 elementor-section-boxed elementor-section-height-default elementor-section-height-default\" data-id=\"2ae9d60\" data-element_type=\"section\">\n\t\t\t\t\t\t<div class=\"elementor-container elementor-column-gap-default\">\n\t\t\t\t\t<div class=\"elementor-column elementor-col-100 elementor-top-column elementor-element elementor-element-bff25b2\" data-id=\"bff25b2\" data-element_type=\"column\">\n\t\t\t<div class=\"elementor-widget-wrap elementor-element-populated\">\n\t\t\t\t\t\t<div class=\"elementor-element elementor-element-b134ab1 elementor-widget elementor-widget-text-editor\" data-id=\"b134ab1\" data-element_type=\"widget\" data-widget_type=\"text-editor.default\">\n\t\t\t\t<div class=\"elementor-widget-container\">\n\t\t\t\t\t\t\t\t\t<p>\u00a0\u00a0 De la mano de la firma holandesa CEPRO, les ofrecemos una amplia gama de mantas ign\u00edfugas y apagafuegos, as\u00ed como para el enfriamento lento de las piezas soldadas que as\u00ed lo requieran.<\/p><p>\u00a0\u00a0\u00a0\u00a0 Las cortinas, l\u00e1minas y estructuras de separaci\u00f3n convierten su puesto de trabajo en una zona de total protecci\u00f3n para usted y todos los que le rodean.<\/p><p><a href=\"https:\/\/solnor.es\/wp-content\/uploads\/2021\/02\/Cepro-2021.pdf\">\u00a0\u00a0\u00a0\u00a0 CAT\u00c1LOGO CEPRO DE MANTAS Y CORTINAS<\/a><\/p>\t\t\t\t\t\t\t\t<\/div>\n\t\t\t\t<\/div>\n\t\t\t\t\t<\/div>\n\t\t<\/div>\n\t\t\t\t\t<\/div>\n\t\t<\/section>\n\t\t\t\t<\/div>\n\t\t","protected":false},"excerpt":{"rendered":"<p>MANTAS Y CORTINAS PARA LA SOLDADURA \u00a0\u00a0 De la mano de la firma holandesa CEPRO, les ofrecemos una amplia gama de mantas ign\u00edfugas y apagafuegos, as\u00ed como para el enfriamento lento de las piezas soldadas que as\u00ed lo requieran. \u00a0\u00a0\u00a0\u00a0 Las cortinas, l\u00e1minas y estructuras de separaci\u00f3n convierten su puesto de trabajo en una zona [&hellip;]<\/p>\n","protected":false},"author":1,"featured_media":0,"parent":0,"menu_order":0,"comment_status":"closed","ping_status":"closed","template":"","meta":{"footnotes":""},"class_list":["post-121","page","type-page","status-publish","hentry"],"jetpack_sharing_enabled":true,"_links":{"self":[{"href":"https:\/\/solnor.es\/index.php?rest_route=\/wp\/v2\/pages\/121","targetHints":{"allow":["GET"]}}],"collection":[{"href":"https:\/\/solnor.es\/index.php?rest_route=\/wp\/v2\/pages"}],"about":[{"href":"https:\/\/solnor.es\/index.php?rest_route=\/wp\/v2\/types\/page"}],"author":[{"embeddable":true,"href":"https:\/\/solnor.es\/index.php?rest_route=\/wp\/v2\/users\/1"}],"replies":[{"embeddable":true,"href":"https:\/\/solnor.es\/index.php?rest_route=%2Fwp%2Fv2%2Fcomments&post=121"}],"version-history":[{"count":13,"href":"https:\/\/solnor.es\/index.php?rest_route=\/wp\/v2\/pages\/121\/revisions"}],"predecessor-version":[{"id":1985,"href":"https:\/\/solnor.es\/index.php?rest_route=\/wp\/v2\/pages\/121\/revisions\/1985"}],"wp:attachment":[{"href":"https:\/\/solnor.es\/index.php?rest_route=%2Fwp%2Fv2%2Fmedia&parent=121"}],"curies":[{"name":"wp","href":"https:\/\/api.w.org\/{rel}","templated":true}]}}