{"id":901,"date":"2020-11-09T13:58:39","date_gmt":"2020-11-09T13:58:39","guid":{"rendered":"https:\/\/solnor.es\/?page_id=901"},"modified":"2020-11-17T14:50:53","modified_gmt":"2020-11-17T14:50:53","slug":"sv-47","status":"publish","type":"page","link":"https:\/\/solnor.es\/?page_id=901","title":{"rendered":"SV-47"},"content":{"rendered":"\t\t<div data-elementor-type=\"wp-page\" data-elementor-id=\"901\" class=\"elementor elementor-901\">\n\t\t\t\t\t\t<section class=\"elementor-section elementor-top-section elementor-element elementor-element-fa59ba4 elementor-section-boxed elementor-section-height-default elementor-section-height-default\" data-id=\"fa59ba4\" data-element_type=\"section\">\n\t\t\t\t\t\t<div class=\"elementor-container elementor-column-gap-default\">\n\t\t\t\t\t<div class=\"elementor-column elementor-col-100 elementor-top-column elementor-element elementor-element-eb081b9\" data-id=\"eb081b9\" data-element_type=\"column\">\n\t\t\t<div class=\"elementor-widget-wrap elementor-element-populated\">\n\t\t\t\t\t\t<div class=\"elementor-element elementor-element-0a194c3 elementor-widget elementor-widget-image\" data-id=\"0a194c3\" data-element_type=\"widget\" data-widget_type=\"image.default\">\n\t\t\t\t<div class=\"elementor-widget-container\">\n\t\t\t\t\t\t\t\t\t\t\t\t\t\t\t<img fetchpriority=\"high\" decoding=\"async\" width=\"724\" height=\"1024\" src=\"https:\/\/solnor.es\/wp-content\/uploads\/2020\/11\/SV-47-724x1024.jpg\" class=\"attachment-large size-large wp-image-1528\" alt=\"\" srcset=\"https:\/\/solnor.es\/wp-content\/uploads\/2020\/11\/SV-47-724x1024.jpg 724w, https:\/\/solnor.es\/wp-content\/uploads\/2020\/11\/SV-47-212x300.jpg 212w, https:\/\/solnor.es\/wp-content\/uploads\/2020\/11\/SV-47-768x1086.jpg 768w, https:\/\/solnor.es\/wp-content\/uploads\/2020\/11\/SV-47.jpg 1030w\" sizes=\"(max-width: 724px) 100vw, 724px\" \/>\t\t\t\t\t\t\t\t\t\t\t\t\t\t\t<\/div>\n\t\t\t\t<\/div>\n\t\t\t\t\t<\/div>\n\t\t<\/div>\n\t\t\t\t\t<\/div>\n\t\t<\/section>\n\t\t\t\t<section class=\"elementor-section elementor-top-section elementor-element elementor-element-c8cf984 elementor-section-boxed elementor-section-height-default elementor-section-height-default\" data-id=\"c8cf984\" data-element_type=\"section\">\n\t\t\t\t\t\t<div class=\"elementor-container elementor-column-gap-default\">\n\t\t\t\t\t<div class=\"elementor-column elementor-col-100 elementor-top-column elementor-element elementor-element-4a6c4e9\" data-id=\"4a6c4e9\" data-element_type=\"column\">\n\t\t\t<div class=\"elementor-widget-wrap elementor-element-populated\">\n\t\t\t\t\t\t<div class=\"elementor-element elementor-element-45b36b8 elementor-widget elementor-widget-text-editor\" data-id=\"45b36b8\" data-element_type=\"widget\" data-widget_type=\"text-editor.default\">\n\t\t\t\t<div class=\"elementor-widget-container\">\n\t\t\t\t\t\t\t\t\t<p>Varilla TIG para la soldadura del aluminio . Excelente resistencia a la corrosi\u00f3n y altas propiedades mec\u00e1nicas. Indicado especialmente para la industria del autom\u00f3vil, naval, ferroviaria, etc.<br \/><br \/><b>Aplicaciones<\/b><br \/><br \/><\/p><p>Reparaciones de fallos de colada de aluminio, industria naval, industria del autom\u00f3vil, tanques, industria ferroviaria, etc.<br \/><br \/><b>Caracter\u00edsticas mec\u00e1nicas<br \/><\/b><\/p><p>R= 25Kg\/ mm2\u00a0<\/p><p>E= 11 Kg\/ mm2\u00a0<\/p><p>A= \u00a025 %<br \/><br \/>G\u00e1s protector: Arg\u00f3n<\/p>\t\t\t\t\t\t\t\t<\/div>\n\t\t\t\t<\/div>\n\t\t\t\t\t<\/div>\n\t\t<\/div>\n\t\t\t\t\t<\/div>\n\t\t<\/section>\n\t\t\t\t<\/div>\n\t\t","protected":false},"excerpt":{"rendered":"<p>Varilla TIG para la soldadura del aluminio . Excelente resistencia a la corrosi\u00f3n y altas propiedades mec\u00e1nicas. Indicado especialmente para la industria del autom\u00f3vil, naval, ferroviaria, etc. Aplicaciones Reparaciones de fallos de colada de aluminio, industria naval, industria del autom\u00f3vil, tanques, industria ferroviaria, etc. Caracter\u00edsticas mec\u00e1nicas R= 25Kg\/ mm2\u00a0 E= 11 Kg\/ mm2\u00a0 A= \u00a025 [&hellip;]<\/p>\n","protected":false},"author":1,"featured_media":0,"parent":0,"menu_order":0,"comment_status":"closed","ping_status":"closed","template":"","meta":{"footnotes":""},"class_list":["post-901","page","type-page","status-publish","hentry"],"jetpack_sharing_enabled":true,"_links":{"self":[{"href":"https:\/\/solnor.es\/index.php?rest_route=\/wp\/v2\/pages\/901","targetHints":{"allow":["GET"]}}],"collection":[{"href":"https:\/\/solnor.es\/index.php?rest_route=\/wp\/v2\/pages"}],"about":[{"href":"https:\/\/solnor.es\/index.php?rest_route=\/wp\/v2\/types\/page"}],"author":[{"embeddable":true,"href":"https:\/\/solnor.es\/index.php?rest_route=\/wp\/v2\/users\/1"}],"replies":[{"embeddable":true,"href":"https:\/\/solnor.es\/index.php?rest_route=%2Fwp%2Fv2%2Fcomments&post=901"}],"version-history":[{"count":7,"href":"https:\/\/solnor.es\/index.php?rest_route=\/wp\/v2\/pages\/901\/revisions"}],"predecessor-version":[{"id":1643,"href":"https:\/\/solnor.es\/index.php?rest_route=\/wp\/v2\/pages\/901\/revisions\/1643"}],"wp:attachment":[{"href":"https:\/\/solnor.es\/index.php?rest_route=%2Fwp%2Fv2%2Fmedia&parent=901"}],"curies":[{"name":"wp","href":"https:\/\/api.w.org\/{rel}","templated":true}]}}