{"id":946,"date":"2020-11-09T14:07:25","date_gmt":"2020-11-09T14:07:25","guid":{"rendered":"https:\/\/solnor.es\/?page_id=946"},"modified":"2020-11-17T14:33:22","modified_gmt":"2020-11-17T14:33:22","slug":"sv-40r","status":"publish","type":"page","link":"https:\/\/solnor.es\/?page_id=946","title":{"rendered":"SV-40R"},"content":{"rendered":"\t\t<div data-elementor-type=\"wp-page\" data-elementor-id=\"946\" class=\"elementor elementor-946\">\n\t\t\t\t\t\t<section class=\"elementor-section elementor-top-section elementor-element elementor-element-a394d57 elementor-section-boxed elementor-section-height-default elementor-section-height-default\" data-id=\"a394d57\" data-element_type=\"section\">\n\t\t\t\t\t\t<div class=\"elementor-container elementor-column-gap-default\">\n\t\t\t\t\t<div class=\"elementor-column elementor-col-100 elementor-top-column elementor-element elementor-element-99359b3\" data-id=\"99359b3\" data-element_type=\"column\">\n\t\t\t<div class=\"elementor-widget-wrap elementor-element-populated\">\n\t\t\t\t\t\t<div class=\"elementor-element elementor-element-746ed69 elementor-widget elementor-widget-image\" data-id=\"746ed69\" data-element_type=\"widget\" data-widget_type=\"image.default\">\n\t\t\t\t<div class=\"elementor-widget-container\">\n\t\t\t\t\t\t\t\t\t\t\t\t\t\t\t<img fetchpriority=\"high\" decoding=\"async\" width=\"724\" height=\"1024\" src=\"https:\/\/solnor.es\/wp-content\/uploads\/2020\/11\/sv-40R-724x1024.jpg\" class=\"attachment-large size-large wp-image-1527\" alt=\"\" srcset=\"https:\/\/solnor.es\/wp-content\/uploads\/2020\/11\/sv-40R-724x1024.jpg 724w, https:\/\/solnor.es\/wp-content\/uploads\/2020\/11\/sv-40R-212x300.jpg 212w, https:\/\/solnor.es\/wp-content\/uploads\/2020\/11\/sv-40R-768x1086.jpg 768w, https:\/\/solnor.es\/wp-content\/uploads\/2020\/11\/sv-40R.jpg 1030w\" sizes=\"(max-width: 724px) 100vw, 724px\" \/>\t\t\t\t\t\t\t\t\t\t\t\t\t\t\t<\/div>\n\t\t\t\t<\/div>\n\t\t\t\t\t<\/div>\n\t\t<\/div>\n\t\t\t\t\t<\/div>\n\t\t<\/section>\n\t\t\t\t<section class=\"elementor-section elementor-top-section elementor-element elementor-element-47bb784 elementor-section-boxed elementor-section-height-default elementor-section-height-default\" data-id=\"47bb784\" data-element_type=\"section\">\n\t\t\t\t\t\t<div class=\"elementor-container elementor-column-gap-default\">\n\t\t\t\t\t<div class=\"elementor-column elementor-col-100 elementor-top-column elementor-element elementor-element-08a7f1e\" data-id=\"08a7f1e\" data-element_type=\"column\">\n\t\t\t<div class=\"elementor-widget-wrap elementor-element-populated\">\n\t\t\t\t\t\t<div class=\"elementor-element elementor-element-f5c9777 elementor-widget elementor-widget-text-editor\" data-id=\"f5c9777\" data-element_type=\"widget\" data-widget_type=\"text-editor.default\">\n\t\t\t\t<div class=\"elementor-widget-container\">\n\t\t\t\t\t\t\t\t\t<p>Aleaci\u00f3n muy especial de nuevo desarrollo, con un alt\u00edsimo contenido en plata y revestida de decapante con un bajo punto de fusi\u00f3n y una excelente fluidez en juntas estrechas. Imprescindible en la soldadura de mantenimiento debido a su amplio campo de aplicaci\u00f3n.<br \/><br \/><b>Aplicaciones<\/b><br \/><br \/><\/p><p>Acero, cobre y sus aleaciones, frigor\u00edficos, intercambiadores de calor, metalister\u00eda, grifer\u00eda, orfebrer\u00eda, l\u00e1mparas, gran variedad de piezas de m\u00e1quinas, uni\u00f3n con pr\u00e1cticamente todos los metales industriales, etc.<br \/><br \/><b>Caracter\u00edsticas mec\u00e1nicas<\/b><br \/><br \/><\/p><p>Carga de rotura= 46 Kg\/ mm2\u00a0<\/p><p>A= 30%\u00a0<\/p><p>Intervalo de fusi\u00f3n = 620\u00ba C<br \/><br \/><b>Modo de empleo<\/b><br \/><br \/><\/p><p>Limpiar bien las piezas en el sitio del ensamblaje. Eliminar la capa de \u00f3xido y todo rastro de herrumbre con lima o tela esmeril. Precalentar con llama neutra. Fundir una gota del metal de aportaci\u00f3n y seguir con la llama hasta que la aleaci\u00f3n se extienda por toda la junta. Dejar enfriar la pieza y retirar los restos del decapante con agua caliente o cepillo met\u00e1lico.<\/p>\t\t\t\t\t\t\t\t<\/div>\n\t\t\t\t<\/div>\n\t\t\t\t\t<\/div>\n\t\t<\/div>\n\t\t\t\t\t<\/div>\n\t\t<\/section>\n\t\t\t\t<\/div>\n\t\t","protected":false},"excerpt":{"rendered":"<p>Aleaci\u00f3n muy especial de nuevo desarrollo, con un alt\u00edsimo contenido en plata y revestida de decapante con un bajo punto de fusi\u00f3n y una excelente fluidez en juntas estrechas. Imprescindible en la soldadura de mantenimiento debido a su amplio campo de aplicaci\u00f3n. Aplicaciones Acero, cobre y sus aleaciones, frigor\u00edficos, intercambiadores de calor, metalister\u00eda, grifer\u00eda, orfebrer\u00eda, [&hellip;]<\/p>\n","protected":false},"author":1,"featured_media":0,"parent":0,"menu_order":0,"comment_status":"closed","ping_status":"closed","template":"","meta":{"footnotes":""},"class_list":["post-946","page","type-page","status-publish","hentry"],"jetpack_sharing_enabled":true,"_links":{"self":[{"href":"https:\/\/solnor.es\/index.php?rest_route=\/wp\/v2\/pages\/946","targetHints":{"allow":["GET"]}}],"collection":[{"href":"https:\/\/solnor.es\/index.php?rest_route=\/wp\/v2\/pages"}],"about":[{"href":"https:\/\/solnor.es\/index.php?rest_route=\/wp\/v2\/types\/page"}],"author":[{"embeddable":true,"href":"https:\/\/solnor.es\/index.php?rest_route=\/wp\/v2\/users\/1"}],"replies":[{"embeddable":true,"href":"https:\/\/solnor.es\/index.php?rest_route=%2Fwp%2Fv2%2Fcomments&post=946"}],"version-history":[{"count":7,"href":"https:\/\/solnor.es\/index.php?rest_route=\/wp\/v2\/pages\/946\/revisions"}],"predecessor-version":[{"id":1571,"href":"https:\/\/solnor.es\/index.php?rest_route=\/wp\/v2\/pages\/946\/revisions\/1571"}],"wp:attachment":[{"href":"https:\/\/solnor.es\/index.php?rest_route=%2Fwp%2Fv2%2Fmedia&parent=946"}],"curies":[{"name":"wp","href":"https:\/\/api.w.org\/{rel}","templated":true}]}}