{"id":964,"date":"2020-11-09T14:09:27","date_gmt":"2020-11-09T14:09:27","guid":{"rendered":"https:\/\/solnor.es\/?page_id=964"},"modified":"2020-11-17T14:31:54","modified_gmt":"2020-11-17T14:31:54","slug":"sv-30","status":"publish","type":"page","link":"https:\/\/solnor.es\/?page_id=964","title":{"rendered":"SV-30"},"content":{"rendered":"\t\t<div data-elementor-type=\"wp-page\" data-elementor-id=\"964\" class=\"elementor elementor-964\">\n\t\t\t\t\t\t<section class=\"elementor-section elementor-top-section elementor-element elementor-element-66127e2 elementor-section-boxed elementor-section-height-default elementor-section-height-default\" data-id=\"66127e2\" data-element_type=\"section\">\n\t\t\t\t\t\t<div class=\"elementor-container elementor-column-gap-default\">\n\t\t\t\t\t<div class=\"elementor-column elementor-col-100 elementor-top-column elementor-element elementor-element-5bbf44b\" data-id=\"5bbf44b\" data-element_type=\"column\">\n\t\t\t<div class=\"elementor-widget-wrap elementor-element-populated\">\n\t\t\t\t\t\t<div class=\"elementor-element elementor-element-116aac5 elementor-widget elementor-widget-image\" data-id=\"116aac5\" data-element_type=\"widget\" data-widget_type=\"image.default\">\n\t\t\t\t<div class=\"elementor-widget-container\">\n\t\t\t\t\t\t\t\t\t\t\t\t\t\t\t<img fetchpriority=\"high\" decoding=\"async\" width=\"724\" height=\"1024\" src=\"https:\/\/solnor.es\/wp-content\/uploads\/2020\/11\/SV-30-724x1024.jpg\" class=\"attachment-large size-large wp-image-1523\" alt=\"\" srcset=\"https:\/\/solnor.es\/wp-content\/uploads\/2020\/11\/SV-30-724x1024.jpg 724w, https:\/\/solnor.es\/wp-content\/uploads\/2020\/11\/SV-30-212x300.jpg 212w, https:\/\/solnor.es\/wp-content\/uploads\/2020\/11\/SV-30-768x1086.jpg 768w, https:\/\/solnor.es\/wp-content\/uploads\/2020\/11\/SV-30.jpg 1030w\" sizes=\"(max-width: 724px) 100vw, 724px\" \/>\t\t\t\t\t\t\t\t\t\t\t\t\t\t\t<\/div>\n\t\t\t\t<\/div>\n\t\t\t\t\t<\/div>\n\t\t<\/div>\n\t\t\t\t\t<\/div>\n\t\t<\/section>\n\t\t\t\t<section class=\"elementor-section elementor-top-section elementor-element elementor-element-e888609 elementor-section-boxed elementor-section-height-default elementor-section-height-default\" data-id=\"e888609\" data-element_type=\"section\">\n\t\t\t\t\t\t<div class=\"elementor-container elementor-column-gap-default\">\n\t\t\t\t\t<div class=\"elementor-column elementor-col-100 elementor-top-column elementor-element elementor-element-5cd77c7\" data-id=\"5cd77c7\" data-element_type=\"column\">\n\t\t\t<div class=\"elementor-widget-wrap elementor-element-populated\">\n\t\t\t\t\t\t<div class=\"elementor-element elementor-element-14b0814 elementor-widget elementor-widget-text-editor\" data-id=\"14b0814\" data-element_type=\"widget\" data-widget_type=\"text-editor.default\">\n\t\t\t\t<div class=\"elementor-widget-container\">\n\t\t\t\t\t\t\t\t\t<p>Aleaci\u00f3n especial con un contenido del 35 % en plata. Gran capilaridad y muy buena fluidez. Ensamblajes de cobre, lat\u00f3n, bronce, acero inoxidable, fundici\u00f3n y metales duros. No ofrece riesgos de sobrecalentamiento.<br \/><br \/><b>Aplicaciones<\/b><br \/><br \/><\/p><p>Conducciones de gas de engrase y de presi\u00f3n, contactos el\u00e9ctricos, conexiones, industria frigor\u00edfica, qu\u00edmica, grifer\u00eda en bronce o en lat\u00f3n, \u00fatiles de metal duro, construcci\u00f3n de aparatos de todo tipo, etc.<br \/><br \/><b>Caracter\u00edsticas mec\u00e1nicas<\/b><br \/><br \/><\/p><p>R= 45-50 Kg\/ mm2\u00a0<\/p><p>E= 25%\u00a0<\/p><p>Dureza = 110 HB\u00a0<\/p><p>Temperatura de fusi\u00f3n: 700\u00ba C<br \/><br \/><b>Modo de empleo<\/b><br \/><br \/><\/p><p>Limpiar la pieza a soldar. Eliminar rebaba. Precalentar con llama neutra hasta la fusi\u00f3n del decapante. Situar la punta de la varilla sobre la uni\u00f3n. Fundir una gota del metal de aportaci\u00f3n y extenderla a lo largo de la uni\u00f3n, con un movimiento al aire.<\/p>\t\t\t\t\t\t\t\t<\/div>\n\t\t\t\t<\/div>\n\t\t\t\t\t<\/div>\n\t\t<\/div>\n\t\t\t\t\t<\/div>\n\t\t<\/section>\n\t\t\t\t<\/div>\n\t\t","protected":false},"excerpt":{"rendered":"<p>Aleaci\u00f3n especial con un contenido del 35 % en plata. Gran capilaridad y muy buena fluidez. Ensamblajes de cobre, lat\u00f3n, bronce, acero inoxidable, fundici\u00f3n y metales duros. No ofrece riesgos de sobrecalentamiento. Aplicaciones Conducciones de gas de engrase y de presi\u00f3n, contactos el\u00e9ctricos, conexiones, industria frigor\u00edfica, qu\u00edmica, grifer\u00eda en bronce o en lat\u00f3n, \u00fatiles de [&hellip;]<\/p>\n","protected":false},"author":1,"featured_media":0,"parent":0,"menu_order":0,"comment_status":"closed","ping_status":"closed","template":"","meta":{"footnotes":""},"class_list":["post-964","page","type-page","status-publish","hentry"],"jetpack_sharing_enabled":true,"_links":{"self":[{"href":"https:\/\/solnor.es\/index.php?rest_route=\/wp\/v2\/pages\/964","targetHints":{"allow":["GET"]}}],"collection":[{"href":"https:\/\/solnor.es\/index.php?rest_route=\/wp\/v2\/pages"}],"about":[{"href":"https:\/\/solnor.es\/index.php?rest_route=\/wp\/v2\/types\/page"}],"author":[{"embeddable":true,"href":"https:\/\/solnor.es\/index.php?rest_route=\/wp\/v2\/users\/1"}],"replies":[{"embeddable":true,"href":"https:\/\/solnor.es\/index.php?rest_route=%2Fwp%2Fv2%2Fcomments&post=964"}],"version-history":[{"count":7,"href":"https:\/\/solnor.es\/index.php?rest_route=\/wp\/v2\/pages\/964\/revisions"}],"predecessor-version":[{"id":1562,"href":"https:\/\/solnor.es\/index.php?rest_route=\/wp\/v2\/pages\/964\/revisions\/1562"}],"wp:attachment":[{"href":"https:\/\/solnor.es\/index.php?rest_route=%2Fwp%2Fv2%2Fmedia&parent=964"}],"curies":[{"name":"wp","href":"https:\/\/api.w.org\/{rel}","templated":true}]}}